{"id":34,"date":"2025-06-17T19:21:16","date_gmt":"2025-06-17T19:21:16","guid":{"rendered":"https:\/\/grupobecas.com\/?page_id=34"},"modified":"2025-10-14T23:09:11","modified_gmt":"2025-10-14T23:09:11","slug":"centro-evaluador","status":"publish","type":"page","link":"https:\/\/grupobecas.com\/?page_id=34","title":{"rendered":"Centro Evaluador"},"content":{"rendered":"<p>[et_pb_section fb_built=\u00bb1&#8243; _builder_version=\u00bb4.27.4&#8243; _module_preset=\u00bbdefault\u00bb positioning=\u00bbnone\u00bb min_height=\u00bb972px\u00bb custom_padding=\u00bb0px||10px|||\u00bb locked=\u00bboff\u00bb global_colors_info=\u00bb{}\u00bb][et_pb_row _builder_version=\u00bb4.27.4&#8243; _module_preset=\u00bbdefault\u00bb global_colors_info=\u00bb{}\u00bb][et_pb_column type=\u00bb4_4&#8243; _builder_version=\u00bb4.27.4&#8243; _module_preset=\u00bbdefault\u00bb global_colors_info=\u00bb{}\u00bb][et_pb_text _builder_version=\u00bb4.27.4&#8243; _module_preset=\u00bbdefault\u00bb header_font=\u00bb|700|||||||\u00bb header_font_size=\u00bb34px\u00bb header_2_font=\u00bb|700|||||||\u00bb header_2_text_align=\u00bbcenter\u00bb header_2_text_color=\u00bb#0b7fc6&#8243; header_2_font_size=\u00bb66px\u00bb header_2_letter_spacing=\u00bb26px\u00bb animation_style=\u00bbfold\u00bb animation_duration=\u00bb1750ms\u00bb hover_enabled=\u00bb0&#8243; header_2_text_shadow_style=\u00bbpreset1&#8243; global_colors_info=\u00bb{}\u00bb header_2_font_last_edited=\u00bbon|phone\u00bb header_2_font_size_last_edited=\u00bbon|phone\u00bb header_2_font_size_phone=\u00bb35px\u00bb sticky_enabled=\u00bb0&#8243; header_2_font_tablet=\u00bb|700|||||||\u00bb header_2_font_phone=\u00bb|700|||||||\u00bb header_2_font_size_tablet=\u00bb66px\u00bb]<\/p>\n<h2>GRUPO BECAS<\/h2>\n<p>[\/et_pb_text][\/et_pb_column][\/et_pb_row][et_pb_row _builder_version=\u00bb4.27.4&#8243; _module_preset=\u00bbdefault\u00bb custom_padding=\u00bb0px|3px||||\u00bb global_colors_info=\u00bb{}\u00bb][et_pb_column type=\u00bb4_4&#8243; _builder_version=\u00bb4.27.4&#8243; _module_preset=\u00bbdefault\u00bb global_colors_info=\u00bb{}\u00bb][et_pb_text _builder_version=\u00bb4.27.4&#8243; _module_preset=\u00bbdefault\u00bb text_text_color=\u00bb#353535&#8243; text_font_size=\u00bb49px\u00bb text_orientation=\u00bbcenter\u00bb animation_style=\u00bbslide\u00bb animation_direction=\u00bbleft\u00bb animation_duration=\u00bb1900ms\u00bb hover_enabled=\u00bb0&#8243; global_colors_info=\u00bb{}\u00bb text_font_size_last_edited=\u00bbon|phone\u00bb text_font_size_phone=\u00bb25px\u00bb sticky_enabled=\u00bb0&#8243; text_font_size_tablet=\u00bb49px\u00bb]<\/p>\n<p>Certificaciones<\/p>\n<p>SEP\/CONOCER<\/p>\n<p>[\/et_pb_text][\/et_pb_column][\/et_pb_row][et_pb_row use_custom_gutter=\u00bbon\u00bb gutter_width=\u00bb2&#8243; _builder_version=\u00bb4.27.4&#8243; _module_preset=\u00bbdefault\u00bb width=\u00bb100%\u00bb max_width=\u00bb1200px\u00bb global_colors_info=\u00bb{}\u00bb][et_pb_column type=\u00bb4_4&#8243; _builder_version=\u00bb4.27.4&#8243; _module_preset=\u00bbdefault\u00bb global_colors_info=\u00bb{}\u00bb][et_pb_heading title=\u00bbCentro Evaluador \u00bb _builder_version=\u00bb4.27.4&#8243; _module_preset=\u00bbdefault\u00bb title_text_align=\u00bbcenter\u00bb title_text_color=\u00bb#0C71C3&#8243; title_font_size=\u00bb72px\u00bb custom_padding=\u00bb||0px|||\u00bb hover_enabled=\u00bb0&#8243; text_shadow_style=\u00bbpreset1&#8243; global_colors_info=\u00bb{}\u00bb title_font_size_last_edited=\u00bbon|phone\u00bb title_font_size_phone=\u00bb35px\u00bb sticky_enabled=\u00bb0&#8243; title_font_size_tablet=\u00bb72px\u00bb][\/et_pb_heading][et_pb_text _builder_version=\u00bb4.27.4&#8243; _module_preset=\u00bbdefault\u00bb text_text_color=\u00bb#000000&#8243; text_font_size=\u00bb18px\u00bb hover_enabled=\u00bb0&#8243; global_colors_info=\u00bb{}\u00bb text_line_height=\u00bb1.8em\u00bb sticky_enabled=\u00bb0&#8243; custom_margin=\u00bb|10px||10px|false|true\u00bb]<\/p>\n<p>Un Centro Evaluador es una instituci\u00f3n o entidad acreditada por un Organismo Certificador, autorizada para aplicar procesos de evaluaci\u00f3n de competencias laborales con base en los Est\u00e1ndares de Competencia del CONOCER (Consejo Nacional de Normalizaci\u00f3n y Certificaci\u00f3n de Competencias Laborales).<br \/>Su funci\u00f3n principal es evaluar, recopilar evidencias y remitir los expedientes al<br \/>Organismo Certificador Grupo Becas (OC 157-24) para su validaci\u00f3n y emisi\u00f3n del certificado con validez oficial de la SEP-CONOCER.<\/p>\n<p><strong>REQUISITOS PARA SER CENTRO EVALUADOR<\/strong><br \/><strong>ACREDITADO POR GRUPO BECAS<\/strong><\/p>\n<p><strong>1. Solicitud formal de acreditaci\u00f3n<\/strong><br \/>\u2022 Presentar una carta de solicitud oficial dirigida al Organismo Certificador Grupo Becas (OC 157-24).<br \/>\u2022 La carta debe incluir:<br \/>o Nombre o raz\u00f3n social de la instituci\u00f3n.<br \/>o Nombre del representante legal o responsable del centro.<br \/>o Direcci\u00f3n completa y datos de contacto.<br \/>o Breve descripci\u00f3n de las actividades de la instituci\u00f3n.<br \/>o Est\u00e1ndares de competencia en los que desea acreditarse.<\/p>\n<p><strong>2. Documentaci\u00f3n legal de la instituci\u00f3n<\/strong><br \/>\u2022 Copia del acta constitutiva o documento legal de creaci\u00f3n (en caso de persona moral).<br \/>\u2022 Copia de la identificaci\u00f3n oficial del representante legal.<br \/>\u2022 Copia del RFC actualizado.<br \/>\u2022 Comprobante de domicilio fiscal o institucional (no mayor a 3 meses).<br \/>\u2022 Curr\u00edculum o perfil del representante legal o coordinador del centro.<br \/>\u2022 En caso de ser instituci\u00f3n educativa, copia del RVOE o documento equivalente (si aplica).<\/p>\n<p><strong>3. Designaci\u00f3n de un Coordinador del Centro Evaluador<\/strong><br \/>\u2022 El Centro deber\u00e1 designar formalmente un Coordinador, quien fungir\u00e1 como enlace directo con Grupo Becas.<br \/>\u2022 Este coordinador ser\u00e1 responsable de:<br \/>o Supervisar los procesos de evaluaci\u00f3n.<br \/>o Controlar la documentaci\u00f3n y evidencias.<br \/>o Atender auditor\u00edas o requerimientos del Organismo Certificador.<br \/>\u2022 Se debe presentar:<br \/>o Curr\u00edculum del coordinador.<br \/>o Copia de su identificaci\u00f3n oficial.<br \/>o Constancia o evidencia de su conocimiento del Modelo de Competencias del CONOCER.<\/p>\n<p><strong>4. Contar con al menos un Evaluador Certificado<\/strong><br \/>\u2022 Es obligatorio contar con al menos un Evaluador certificado en el Est\u00e1ndar EC0076:<br \/>\u201cEvaluaci\u00f3n de la competencia de candidatos con base en est\u00e1ndares de competencia.\u201d<br \/>\u2022 Este evaluador deber\u00e1:<br \/>o Tener su certificaci\u00f3n vigente.<br \/>o Estar registrado en el RENAP del CONOCER.<br \/>o Firmar una carta de adhesi\u00f3n para operar bajo el Centro Evaluador.<br \/>\u2022 Puede anexarse tambi\u00e9n la certificaci\u00f3n de otros est\u00e1ndares en los que desee trabajar<br \/>(por ejemplo, EC0307.01, EC0616, EC0366, EC1375, etc.).<\/p>\n<p><strong>5. Infraestructura y recursos necesarios, <\/strong><strong>El Centro Evaluador debe disponer de:<\/strong><br \/>\u2022 Espacio f\u00edsico adecuado para realizar las evaluaciones (aulas, consultorios, laboratorios, talleres o espacios simulados seg\u00fan el est\u00e1ndar).<br \/>\u2022 Equipo y materiales espec\u00edficos seg\u00fan los est\u00e1ndares a evaluar.<br \/>\u2022 Mobiliario y herramientas para entrevistas, observaciones o pr\u00e1cticas.<br \/>\u2022 Computadora e internet estable para el registro de expedientes digitales y comunicaci\u00f3n con Grupo Becas.<br \/>\u2022 Sistema de archivo (f\u00edsico o digital) para conservar evidencias y dict\u00e1menes durante al menos 5 a\u00f1os.<br \/>Opcional: fotograf\u00edas del espacio de evaluaci\u00f3n y del \u00e1rea administrativa.<\/p>\n<p><strong>6. Cumplimiento normativo y administrativo<\/strong><br \/>\u2022 Firmar el Convenio de Acreditaci\u00f3n de Centro Evaluador, que formaliza la relaci\u00f3n con el Organismo Certificador.<br \/>\u2022 Comprometerse a cumplir los lineamientos, pol\u00edticas y procedimientos del CONOCER y de Grupo Becas.<br \/>\u2022 Mantener confidencialidad de la informaci\u00f3n y de los expedientes.<br \/>\u2022 Aceptar auditor\u00edas y supervisiones peri\u00f3dicas del Organismo Certificador.<br \/>\u2022 Contar con formatos oficiales de evaluaci\u00f3n actualizados y validados.<br \/>\u2022 Cumplir con la normatividad de protecci\u00f3n de datos personales (Ley Federal de Protecci\u00f3n de Datos en Posesi\u00f3n de Particulares).<\/p>\n<p><strong>7. Plan de trabajo y est\u00e1ndares solicitados<\/strong><br \/>\u2022 Presentar un plan de trabajo inicial que describa:<br \/>o Est\u00e1ndares que desea operar.<br \/>o Poblaci\u00f3n objetivo (a qui\u00e9n evaluar\u00e1).<br \/>o Alcance geogr\u00e1fico o sector profesional.<br \/>o Estrategias de difusi\u00f3n y captaci\u00f3n de candidatos.<br \/>\u2022 El plan debe ser coherente y viable, de acuerdo con los recursos y evaluadores disponibles.<\/p>\n<p><strong>8. Cuotas y derechos de acreditaci\u00f3n<\/strong><br \/>\u2022 Cubrir la cuota administrativa de acreditaci\u00f3n, establecida por el Organismo Certificador Grupo Becas.<br \/>\u2022 Las cuotas incluyen:<br \/>o Evaluaci\u00f3n de la documentaci\u00f3n.<br \/>o Capacitaci\u00f3n y asesor\u00eda t\u00e9cnica inicial.<br \/>o Registro y validaci\u00f3n ante CONOCER.<br \/>o Supervisi\u00f3n y acompa\u00f1amiento operativo.<br \/>Grupo Becas ofrece opciones de apoyo o convenios especiales para instituciones educativas o entidades de formaci\u00f3n.<\/p>\n<p>[\/et_pb_text][et_pb_divider _builder_version=\u00bb4.27.4&#8243; _module_preset=\u00bbdefault\u00bb hover_enabled=\u00bb0&#8243; sticky_enabled=\u00bb0&#8243;][\/et_pb_divider][et_pb_divider _builder_version=\u00bb4.27.4&#8243; _module_preset=\u00bbdefault\u00bb global_colors_info=\u00bb{}\u00bb][\/et_pb_divider][\/et_pb_column][\/et_pb_row][\/et_pb_section]<\/p>\n","protected":false},"excerpt":{"rendered":"<p>GRUPO BECASCertificaciones SEP\/CONOCERUn Centro Evaluador es una instituci\u00f3n o entidad acreditada por un Organismo Certificador, autorizada para aplicar procesos de evaluaci\u00f3n de competencias laborales con base en los Est\u00e1ndares de Competencia del CONOCER (Consejo Nacional de Normalizaci\u00f3n y Certificaci\u00f3n de Competencias Laborales).Su funci\u00f3n principal es evaluar, recopilar evidencias y remitir los expedientes alOrganismo Certificador Grupo [&hellip;]<\/p>\n","protected":false},"author":1,"featured_media":0,"parent":0,"menu_order":0,"comment_status":"closed","ping_status":"closed","template":"","meta":{"_et_pb_use_builder":"on","_et_pb_old_content":"<!-- wp:divi\/placeholder \/-->","_et_gb_content_width":"","footnotes":""},"class_list":["post-34","page","type-page","status-publish","hentry"],"_links":{"self":[{"href":"https:\/\/grupobecas.com\/index.php?rest_route=\/wp\/v2\/pages\/34","targetHints":{"allow":["GET"]}}],"collection":[{"href":"https:\/\/grupobecas.com\/index.php?rest_route=\/wp\/v2\/pages"}],"about":[{"href":"https:\/\/grupobecas.com\/index.php?rest_route=\/wp\/v2\/types\/page"}],"author":[{"embeddable":true,"href":"https:\/\/grupobecas.com\/index.php?rest_route=\/wp\/v2\/users\/1"}],"replies":[{"embeddable":true,"href":"https:\/\/grupobecas.com\/index.php?rest_route=%2Fwp%2Fv2%2Fcomments&post=34"}],"version-history":[{"count":7,"href":"https:\/\/grupobecas.com\/index.php?rest_route=\/wp\/v2\/pages\/34\/revisions"}],"predecessor-version":[{"id":244,"href":"https:\/\/grupobecas.com\/index.php?rest_route=\/wp\/v2\/pages\/34\/revisions\/244"}],"wp:attachment":[{"href":"https:\/\/grupobecas.com\/index.php?rest_route=%2Fwp%2Fv2%2Fmedia&parent=34"}],"curies":[{"name":"wp","href":"https:\/\/api.w.org\/{rel}","templated":true}]}}