{"id":76,"date":"2025-06-19T14:40:20","date_gmt":"2025-06-19T14:40:20","guid":{"rendered":"https:\/\/grupobecas.com\/?page_id=76"},"modified":"2025-10-14T23:10:15","modified_gmt":"2025-10-14T23:10:15","slug":"evaluadores-independientes","status":"publish","type":"page","link":"https:\/\/grupobecas.com\/?page_id=76","title":{"rendered":"Evaluadores Independientes"},"content":{"rendered":"<p>[et_pb_section fb_built=\u00bb1&#8243; _builder_version=\u00bb4.27.4&#8243; _module_preset=\u00bbdefault\u00bb min_height=\u00bb1000px\u00bb custom_padding=\u00bb0px||10px|||\u00bb locked=\u00bboff\u00bb global_colors_info=\u00bb{}\u00bb][et_pb_row _builder_version=\u00bb4.27.4&#8243; _module_preset=\u00bbdefault\u00bb width_tablet=\u00bb\u00bb width_phone=\u00bb100%\u00bb width_last_edited=\u00bbon|phone\u00bb max_width_tablet=\u00bb\u00bb max_width_phone=\u00bb\u00bb max_width_last_edited=\u00bbon|phone\u00bb global_colors_info=\u00bb{}\u00bb][et_pb_column type=\u00bb4_4&#8243; _builder_version=\u00bb4.27.4&#8243; _module_preset=\u00bbdefault\u00bb global_colors_info=\u00bb{}\u00bb][et_pb_text _builder_version=\u00bb4.27.4&#8243; _module_preset=\u00bbdefault\u00bb header_font=\u00bb|700|||||||\u00bb header_font_size=\u00bb34px\u00bb header_2_font=\u00bb|700|||||||\u00bb header_2_text_align=\u00bbcenter\u00bb header_2_text_color=\u00bb#0b7fc6&#8243; header_2_font_size=\u00bb66px\u00bb header_2_letter_spacing=\u00bb26px\u00bb custom_margin=\u00bb||-38px|||\u00bb animation_style=\u00bbfold\u00bb animation_duration=\u00bb1750ms\u00bb header_2_font_size_tablet=\u00bb66px\u00bb header_2_font_size_phone=\u00bb45px\u00bb header_2_font_size_last_edited=\u00bbon|phone\u00bb header_2_text_shadow_style=\u00bbpreset1&#8243; global_colors_info=\u00bb{}\u00bb]<\/p>\n<h2>GRUPO BECAS<\/h2>\n<p>[\/et_pb_text][et_pb_text _builder_version=\u00bb4.27.4&#8243; _module_preset=\u00bbdefault\u00bb global_colors_info=\u00bb{}\u00bb][\/et_pb_text][\/et_pb_column][\/et_pb_row][et_pb_row _builder_version=\u00bb4.27.4&#8243; _module_preset=\u00bbdefault\u00bb global_colors_info=\u00bb{}\u00bb][et_pb_column type=\u00bb4_4&#8243; _builder_version=\u00bb4.27.4&#8243; _module_preset=\u00bbdefault\u00bb global_colors_info=\u00bb{}\u00bb][et_pb_text _builder_version=\u00bb4.27.4&#8243; _module_preset=\u00bbdefault\u00bb text_text_color=\u00bb#353535&#8243; text_font_size=\u00bb49px\u00bb text_orientation=\u00bbcenter\u00bb animation_style=\u00bbslide\u00bb animation_direction=\u00bbleft\u00bb animation_duration=\u00bb1900ms\u00bb text_font_size_tablet=\u00bb49px\u00bb text_font_size_phone=\u00bb30px\u00bb text_font_size_last_edited=\u00bbon|phone\u00bb global_colors_info=\u00bb{}\u00bb]<\/p>\n<p>Certificaciones<\/p>\n<p>SEP\/CONOCER<\/p>\n<p>[\/et_pb_text][\/et_pb_column][\/et_pb_row][et_pb_row _builder_version=\u00bb4.27.4&#8243; _module_preset=\u00bbdefault\u00bb global_colors_info=\u00bb{}\u00bb][et_pb_column type=\u00bb4_4&#8243; _builder_version=\u00bb4.27.4&#8243; _module_preset=\u00bbdefault\u00bb global_colors_info=\u00bb{}\u00bb][et_pb_heading title=\u00bbEvaluador Independiente \u00bb _builder_version=\u00bb4.27.4&#8243; _module_preset=\u00bbdefault\u00bb title_text_align=\u00bbcenter\u00bb title_text_color=\u00bb#0C71C3&#8243; title_font_size=\u00bb61px\u00bb hover_enabled=\u00bb0&#8243; text_shadow_style=\u00bbpreset1&#8243; text_shadow_color=\u00bb#7f7f7f\u00bb global_colors_info=\u00bb{}\u00bb title_font_size_last_edited=\u00bbon|phone\u00bb title_font_size_phone=\u00bb35px\u00bb sticky_enabled=\u00bb0&#8243; title_font_size_tablet=\u00bb61px\u00bb][\/et_pb_heading][et_pb_text _builder_version=\u00bb4.27.4&#8243; _module_preset=\u00bbdefault\u00bb text_text_color=\u00bb#000000&#8243; text_font_size=\u00bb18px\u00bb text_line_height=\u00bb1.8em\u00bb global_colors_info=\u00bb{}\u00bb]<\/p>\n<p>Un Evaluador Independiente es una persona f\u00edsica acreditada por un Organismo Certificador, autorizada para aplicar procesos de evaluaci\u00f3n de competencias laborales con base en los Est\u00e1ndares de Competencia del CONOCER (Consejo Nacional de Normalizaci\u00f3n y Certificaci\u00f3n de Competencias Laborales).<br \/>Su funci\u00f3n principal es evaluar el desempe\u00f1o, los conocimientos y las evidencias de los candidatos, de manera objetiva y conforme a los lineamientos del est\u00e1ndar, remitiendo los resultados al Organismo Certificador Grupo Becas (OC 157-24) para su validaci\u00f3n y emisi\u00f3n del certificado oficial con validez de la SEP-CONOCER.<\/p>\n<p>[\/et_pb_text][et_pb_text _builder_version=\u00bb4.27.4&#8243; _module_preset=\u00bbdefault\u00bb text_text_color=\u00bb#000000&#8243; text_font_size=\u00bb18px\u00bb text_line_height=\u00bb1.8em\u00bb header_text_align=\u00bbright\u00bb header_4_text_align=\u00bbcenter\u00bb header_4_font_size=\u00bb21px\u00bb global_colors_info=\u00bb{}\u00bb]<\/p>\n<h4><strong>Requisitos para acreditarse como Evaluador Independiente ante Grupo Becas<\/strong><\/h4>\n<p><strong>1. Solicitud formal de acreditaci\u00f3n<\/strong><\/p>\n<p>o Presentar una carta de solicitud oficial dirigida al Organismo Certificador Grupo Becas (OC 157-24).<br \/>o Incluir: nombre completo, CURP, domicilio, correo electr\u00f3nico, n\u00famero telef\u00f3nico y est\u00e1ndares en los que desea acreditarse.<\/p>\n<p><strong>2. Documentaci\u00f3n personal<\/strong><br \/>o Copia de identificaci\u00f3n oficial vigente (INE o pasaporte).<br \/>o Copia del RFC con homoclave.<br \/>o Copia de CURP actualizada.<br \/>o Comprobante de domicilio (no mayor a 3 meses).<br \/>o Curr\u00edculum vitae actualizado con firma aut\u00f3grafa.<br \/>o 1 fotograf\u00eda tama\u00f1o infantil o digital para registro.<\/p>\n<p><strong>3. Certificaci\u00f3n como Evaluador<\/strong><br \/>o Contar con certificaci\u00f3n vigente en el Est\u00e1ndar de Competencia EC0076:\u00a0 \u201cEvaluaci\u00f3n de la competencia de candidatos con base en est\u00e1ndares de competencia.\u201d<br \/>o El evaluador debe aparecer registrado en el RENAP (Registro Nacional de Personas con Competencias Certificadas) del CONOCER.<br \/>o En caso de tener otros est\u00e1ndares, puede acreditarse tambi\u00e9n para operarlos (por ejemplo: EC0616, EC0307.01, EC0366, EC1375, etc.).<\/p>\n<p><strong>4. Carta de adhesi\u00f3n al Organismo Certificador Grupo Becas<\/strong><br \/>o Documento mediante el cual el Evaluador acepta operar bajo los lineamientos, pol\u00edticas y procedimientos del OC 157-24.<br \/>o Compromete al evaluador a cumplir con la confidencialidad, objetividad y \u00e9tica profesional en cada proceso.<\/p>\n<p><strong>5. Conocimiento del modelo de competencias laborales<\/strong><br \/>o El aspirante debe demostrar conocimiento del Sistema Nacional de Competencias (SNC), los instrumentos de evaluaci\u00f3n del CONOCER y la normativa aplicable.<br \/>o En caso de no contar con experiencia previa, Grupo Becas ofrece inducci\u00f3n y capacitaci\u00f3n t\u00e9cnica.<\/p>\n<p><strong>6. Recursos y herramientas de trabajo<\/strong><br \/>o Contar con computadora, conexi\u00f3n a internet y medios para generar y resguardar evidencias digitales.<br \/>o Tener o acceder a espacios adecuados para la observaci\u00f3n o demostraci\u00f3n pr\u00e1ctica de las competencias (propios o en colaboraci\u00f3n con un Centro Evaluador).<br \/>o Mantener orden y respaldo documental de todos los expedientes que genere.<\/p>\n<p><strong>7. Cumplimiento normativo y administrativo<\/strong><br \/>o Firmar el Convenio o Carta de Adhesi\u00f3n como Evaluador Independiente.<br \/>o Comprometerse a cumplir los lineamientos del CONOCER y de Grupo Becas.<br \/>o Aceptar supervisiones y auditor\u00edas peri\u00f3dicas del Organismo Certificador.<br \/>o Proteger los datos personales y la informaci\u00f3n confidencial de los candidatos.<br \/>o Operar \u00fanicamente los est\u00e1ndares autorizados.<\/p>\n<p><strong>8. Cuotas administrativas<\/strong><br \/>o Cubrir la cuota de acreditaci\u00f3n y registro, que incluye:<br \/>\u25aa Validaci\u00f3n documental.<br \/>\u25aa Alta en el sistema del Organismo Certificador.<br \/>\u25aa Asesor\u00eda t\u00e9cnica y soporte durante el primer proceso de evaluaci\u00f3n. o Grupo Becas puede ofrecer planes preferenciales o convenios seg\u00fan volumen de evaluaciones.<\/p>\n<p><strong>9. Compromisos posteriores a la acreditaci\u00f3n<\/strong><br \/>o Aplicar evaluaciones con imparcialidad y apego al est\u00e1ndar.<br \/>o Enviar expedientes completos al Organismo Certificador para su dictamen.<br \/>o Mantener comunicaci\u00f3n constante con el \u00e1rea t\u00e9cnica de Grupo Becas.<br \/>o Participar en capacitaciones de actualizaci\u00f3n cuando sean convocadas.<br \/>o Renovar su acreditaci\u00f3n conforme a los plazos establecidos por el CONOCER.<\/p>\n<p>[\/et_pb_text][et_pb_divider _builder_version=\u00bb4.27.4&#8243; _module_preset=\u00bbdefault\u00bb global_colors_info=\u00bb{}\u00bb][\/et_pb_divider][\/et_pb_column][\/et_pb_row][\/et_pb_section]<\/p>\n","protected":false},"excerpt":{"rendered":"<p>GRUPO BECASCertificaciones SEP\/CONOCERUn Evaluador Independiente es una persona f\u00edsica acreditada por un Organismo Certificador, autorizada para aplicar procesos de evaluaci\u00f3n de competencias laborales con base en los Est\u00e1ndares de Competencia del CONOCER (Consejo Nacional de Normalizaci\u00f3n y Certificaci\u00f3n de Competencias Laborales).Su funci\u00f3n principal es evaluar el desempe\u00f1o, los conocimientos y las evidencias de los candidatos, [&hellip;]<\/p>\n","protected":false},"author":1,"featured_media":0,"parent":0,"menu_order":0,"comment_status":"closed","ping_status":"closed","template":"","meta":{"_et_pb_use_builder":"on","_et_pb_old_content":"<!-- wp:divi\/placeholder \/-->","_et_gb_content_width":"","footnotes":""},"class_list":["post-76","page","type-page","status-publish","hentry"],"_links":{"self":[{"href":"https:\/\/grupobecas.com\/index.php?rest_route=\/wp\/v2\/pages\/76","targetHints":{"allow":["GET"]}}],"collection":[{"href":"https:\/\/grupobecas.com\/index.php?rest_route=\/wp\/v2\/pages"}],"about":[{"href":"https:\/\/grupobecas.com\/index.php?rest_route=\/wp\/v2\/types\/page"}],"author":[{"embeddable":true,"href":"https:\/\/grupobecas.com\/index.php?rest_route=\/wp\/v2\/users\/1"}],"replies":[{"embeddable":true,"href":"https:\/\/grupobecas.com\/index.php?rest_route=%2Fwp%2Fv2%2Fcomments&post=76"}],"version-history":[{"count":6,"href":"https:\/\/grupobecas.com\/index.php?rest_route=\/wp\/v2\/pages\/76\/revisions"}],"predecessor-version":[{"id":245,"href":"https:\/\/grupobecas.com\/index.php?rest_route=\/wp\/v2\/pages\/76\/revisions\/245"}],"wp:attachment":[{"href":"https:\/\/grupobecas.com\/index.php?rest_route=%2Fwp%2Fv2%2Fmedia&parent=76"}],"curies":[{"name":"wp","href":"https:\/\/api.w.org\/{rel}","templated":true}]}}